{"id":54,"date":"2026-01-16T14:26:00","date_gmt":"2026-01-16T14:26:00","guid":{"rendered":"https:\/\/nova.rutherium.plesk.panel-fiveheberg.fr\/?page_id=54"},"modified":"2026-01-17T13:46:42","modified_gmt":"2026-01-17T13:46:42","slug":"podcasts","status":"publish","type":"page","link":"https:\/\/nova.rutherium.plesk.panel-fiveheberg.fr\/index.php\/podcasts\/","title":{"rendered":"Podcasts"},"content":{"rendered":"\t\t<div data-elementor-type=\"wp-page\" data-elementor-id=\"54\" class=\"elementor elementor-54\">\n\t\t\t\t<div class=\"elementor-element elementor-element-14950ce e-flex e-con-boxed e-con e-parent\" data-id=\"14950ce\" data-element_type=\"container\" data-settings=\"{&quot;background_background&quot;:&quot;gradient&quot;}\">\n\t\t\t\t\t<div class=\"e-con-inner\">\n\t\t<div class=\"elementor-element elementor-element-28229bb e-con-full e-flex e-con e-child\" data-id=\"28229bb\" data-element_type=\"container\">\n\t\t\t\t<div class=\"elementor-element elementor-element-2170911 elementor-widget elementor-widget-heading\" data-id=\"2170911\" data-element_type=\"widget\" data-widget_type=\"heading.default\">\n\t\t\t\t\t<h1 class=\"elementor-heading-title elementor-size-default\">Podcasts NovaRuth\n<\/h1>\t\t\t\t<\/div>\n\t\t\t\t<\/div>\n\t\t\t\t<div class=\"elementor-element elementor-element-95405be elementor-widget elementor-widget-text-editor\" data-id=\"95405be\" data-element_type=\"widget\" data-widget_type=\"text-editor.default\">\n\t\t\t\t\t\t\t\t\t<p>Retrouvez ici les rediffusions des \u00e9missions et \u00e9v\u00e9nements NovaRuth.<br \/>Les podcasts seront bient\u00f4t disponibles \u00e0 l\u2019\u00e9coute.<\/p>\t\t\t\t\t\t\t\t<\/div>\n\t\t\t\t\t<\/div>\n\t\t\t\t<\/div>\n\t\t<div class=\"elementor-element elementor-element-f1e045b e-flex e-con-boxed e-con e-parent\" data-id=\"f1e045b\" data-element_type=\"container\" data-settings=\"{&quot;background_background&quot;:&quot;gradient&quot;}\">\n\t\t\t\t\t<div class=\"e-con-inner\">\n\t\t\t\t<div class=\"elementor-element elementor-element-d7ece18 elementor-widget elementor-widget-heading\" data-id=\"d7ece18\" data-element_type=\"widget\" data-widget_type=\"heading.default\">\n\t\t\t\t\t<h2 class=\"elementor-heading-title elementor-size-default\">\ud83c\udfa7 Podcasts NovaRuth\n<\/h2>\t\t\t\t<\/div>\n\t\t\t\t\t<\/div>\n\t\t\t\t<\/div>\n\t\t<div class=\"elementor-element elementor-element-42eb386 e-flex e-con-boxed e-con e-parent\" data-id=\"42eb386\" data-element_type=\"container\" data-settings=\"{&quot;background_background&quot;:&quot;gradient&quot;}\">\n\t\t\t\t\t<div class=\"e-con-inner\">\n\t\t<div class=\"elementor-element elementor-element-88b0d6d e-con-full e-flex e-con e-child\" data-id=\"88b0d6d\" data-element_type=\"container\">\n\t\t\t\t<div class=\"elementor-element elementor-element-8b45468 elementor-widget elementor-widget-text-editor\" data-id=\"8b45468\" data-element_type=\"widget\" data-widget_type=\"text-editor.default\">\n\t\t\t\t\t\t\t\t\t<p>\ud83d\udcc5\u00a0<br \/>\ud83c\udf99 \u00c9mission :<br \/>\ud83d\udc64 Animateur :\u00a0<br \/>\ud83c\udfa7 Type :\u00a0\u00a0<\/p>\t\t\t\t\t\t\t\t<\/div>\n\t\t\t\t<div class=\"elementor-element elementor-element-1c267ba elementor-widget elementor-widget-wp-widget-podcast-series\" data-id=\"1c267ba\" data-element_type=\"widget\" data-widget_type=\"wp-widget-podcast-series.default\">\n\t\t\t\t<div class=\"elementor-widget-container\">\n\t\t\t\t\t\t\t\t\t\t\t<h5>Podcasts Arrive Bientot<\/h5>\n\t\t\t\n\t\t\t\t\t\t<p><\/p>\n\t\t\n\t\t<ul>\n\t\t\t\t\t\t<li>\n\t\t\t\t<a href=\"https:\/\/nova.rutherium.plesk.panel-fiveheberg.fr\/index.php\/podcast\/bientot-disponible\/\">Bient\u00f4t disponible<\/a>\n\t\t\t\t\t\t\t<\/li>\n\t\t\t\t<\/ul>\n\t\t\t\t\t\t\t\t\t\t<\/div>\n\t\t\t\t<\/div>\n\t\t\t\t<\/div>\n\t\t<div class=\"elementor-element elementor-element-5dda8b2 e-con-full e-flex e-con e-child\" data-id=\"5dda8b2\" data-element_type=\"container\">\n\t\t\t\t<\/div>\n\t\t\t\t\t<\/div>\n\t\t\t\t<\/div>\n\t\t\t\t<\/div>\n\t\t","protected":false},"excerpt":{"rendered":"<p>Podcasts NovaRuth Retrouvez ici les rediffusions des \u00e9missions et \u00e9v\u00e9nements NovaRuth.Les podcasts seront bient\u00f4t disponibles \u00e0 l\u2019\u00e9coute. \ud83c\udfa7 Podcasts NovaRuth [&hellip;]<\/p>\n","protected":false},"author":2,"featured_media":0,"parent":0,"menu_order":0,"comment_status":"closed","ping_status":"closed","template":"","meta":{"site-sidebar-layout":"no-sidebar","site-content-layout":"","ast-site-content-layout":"full-width-container","site-content-style":"default","site-sidebar-style":"default","ast-global-header-display":"","ast-banner-title-visibility":"","ast-main-header-display":"","ast-hfb-above-header-display":"","ast-hfb-below-header-display":"","ast-hfb-mobile-header-display":"","site-post-title":"","ast-breadcrumbs-content":"","ast-featured-img":"disabled","footer-sml-layout":"","ast-disable-related-posts":"","theme-transparent-header-meta":"default","adv-header-id-meta":"","stick-header-meta":"","header-above-stick-meta":"","header-main-stick-meta":"","header-below-stick-meta":"","astra-migrate-meta-layouts":"set","ast-page-background-enabled":"default","ast-page-background-meta":{"desktop":{"background-color":"var(--ast-global-color-5)","background-image":"","background-repeat":"repeat","background-position":"center center","background-size":"auto","background-attachment":"scroll","background-type":"","background-media":"","overlay-type":"","overlay-color":"","overlay-opacity":"","overlay-gradient":""},"tablet":{"background-color":"","background-image":"","background-repeat":"repeat","background-position":"center center","background-size":"auto","background-attachment":"scroll","background-type":"","background-media":"","overlay-type":"","overlay-color":"","overlay-opacity":"","overlay-gradient":""},"mobile":{"background-color":"","background-image":"","background-repeat":"repeat","background-position":"center center","background-size":"auto","background-attachment":"scroll","background-type":"","background-media":"","overlay-type":"","overlay-color":"","overlay-opacity":"","overlay-gradient":""}},"ast-content-background-meta":{"desktop":{"background-color":"var(--ast-global-color-4)","background-image":"","background-repeat":"repeat","background-position":"center center","background-size":"auto","background-attachment":"scroll","background-type":"","background-media":"","overlay-type":"","overlay-color":"","overlay-opacity":"","overlay-gradient":""},"tablet":{"background-color":"var(--ast-global-color-4)","background-image":"","background-repeat":"repeat","background-position":"center center","background-size":"auto","background-attachment":"scroll","background-type":"","background-media":"","overlay-type":"","overlay-color":"","overlay-opacity":"","overlay-gradient":""},"mobile":{"background-color":"var(--ast-global-color-4)","background-image":"","background-repeat":"repeat","background-position":"center center","background-size":"auto","background-attachment":"scroll","background-type":"","background-media":"","overlay-type":"","overlay-color":"","overlay-opacity":"","overlay-gradient":""}},"episode_type":"","audio_file":"","cover_image":"","cover_image_id":"","duration":"","filesize":"","filesize_raw":"","date_recorded":"","explicit":"","block":"","itunes_episode_number":"","itunes_title":"","itunes_season_number":"","itunes_episode_type":"","footnotes":""},"class_list":["post-54","page","type-page","status-publish","hentry"],"_links":{"self":[{"href":"https:\/\/nova.rutherium.plesk.panel-fiveheberg.fr\/index.php\/wp-json\/wp\/v2\/pages\/54","targetHints":{"allow":["GET"]}}],"collection":[{"href":"https:\/\/nova.rutherium.plesk.panel-fiveheberg.fr\/index.php\/wp-json\/wp\/v2\/pages"}],"about":[{"href":"https:\/\/nova.rutherium.plesk.panel-fiveheberg.fr\/index.php\/wp-json\/wp\/v2\/types\/page"}],"author":[{"embeddable":true,"href":"https:\/\/nova.rutherium.plesk.panel-fiveheberg.fr\/index.php\/wp-json\/wp\/v2\/users\/2"}],"replies":[{"embeddable":true,"href":"https:\/\/nova.rutherium.plesk.panel-fiveheberg.fr\/index.php\/wp-json\/wp\/v2\/comments?post=54"}],"version-history":[{"count":13,"href":"https:\/\/nova.rutherium.plesk.panel-fiveheberg.fr\/index.php\/wp-json\/wp\/v2\/pages\/54\/revisions"}],"predecessor-version":[{"id":249,"href":"https:\/\/nova.rutherium.plesk.panel-fiveheberg.fr\/index.php\/wp-json\/wp\/v2\/pages\/54\/revisions\/249"}],"wp:attachment":[{"href":"https:\/\/nova.rutherium.plesk.panel-fiveheberg.fr\/index.php\/wp-json\/wp\/v2\/media?parent=54"}],"curies":[{"name":"wp","href":"https:\/\/api.w.org\/{rel}","templated":true}]}}